{"id":97,"date":"2024-10-16T12:43:32","date_gmt":"2024-10-16T12:43:32","guid":{"rendered":"https:\/\/nema.optimedia.gr\/?page_id=97"},"modified":"2025-06-05T12:38:06","modified_gmt":"2025-06-05T12:38:06","slug":"terms_of_use","status":"publish","type":"page","link":"https:\/\/nema-art.app\/it\/terms_of_use\/","title":{"rendered":"Termini di utilizzo"},"content":{"rendered":"<p>Benvenuti in &#8220;Nema&#8221;, un&#8217;applicazione fornita da Solutions Encodica Software Development O.E. (la Societ\u00e0)!<\/p>\n<p>Questi Termini di utilizzo descrivono i termini e le condizioni riguardanti il \u200b\u200btuo accesso e utilizzo dell&#8217;applicazione e costituiscono il tuo Contratto legalmente vincolante con la Societ\u00e0.<\/p>\n<p>Puoi installare l&#8217;app sul tuo dispositivo Android e\/o iOS.<\/p>\n<p>Il contenuto dell&#8217;app Nema \u00e8 generato da un modello linguistico di intelligenza artificiale. Sebbene ci impegniamo per garantire accuratezza e qualit\u00e0, tieni presente che le informazioni fornite potrebbero non essere completamente prive di errori o aggiornate. Ti consigliamo di verificare in modo indipendente il contenuto e di consultare professionisti per consigli o informazioni specifici. Non ci assumiamo alcuna responsabilit\u00e0 per l&#8217;uso o l&#8217;interpretazione del contenuto di questa applicazione.<\/p>\n<p>Utilizzando l&#8217;applicazione dichiari espressamente e incondizionatamente di aver letto, compreso e accettato di essere vincolato dal presente Contratto e dai suoi Termini di utilizzo.<\/p>\n<p>Se non accetti il \u200b\u200bpresente Contratto, non puoi utilizzare l&#8217;applicazione e accedere al suo contenuto.<\/p>\n<p>I Termini di utilizzo sono soggetti a modifiche unilaterali da parte della Societ\u00e0, senza preavviso. I Termini modificati saranno pubblicati immediatamente e saranno vincolanti per te al momento della pubblicazione.<\/p>\n<p>In caso di modifiche significative, la Societ\u00e0 ti avviser\u00e0 nel modo appropriato, a seconda del caso, come, indicativamente, tramite notifica nell&#8217;applicazione e\/o con un&#8217;indicazione per la tua accettazione. Si prega di leggere attentamente qualsiasi avviso inviato e\/o pubblicato. Se continui a utilizzare il servizio dopo la notifica, significa che accetti tutte le modifiche dei Termini di utilizzo.<\/p>\n<p>Tutti gli utenti dell&#8217;applicazione sono distinti come ospiti registrati, ovvero \u00e8 necessario effettuare l&#8217;accesso all&#8217;applicazione creando un account tramite la societ\u00e0 Google per i dispositivi Android e\/o tramite la societ\u00e0 Apple per i dispositivi iOS. L&#8217;applicazione \u00e8 gratuita per un uso limitato, ma richiede l&#8217;acquisto tramite gli store App Store e Google Play per un uso prolungato.<\/p>\n<p>L&#8217;Applicazione e il Contenuto sono di propriet\u00e0 della Societ\u00e0 o dei suoi licenziatari.<\/p>\n<p>La Societ\u00e0 ti concede una licenza limitata, non esclusiva, revocabile, non trasferibile e royalty-free per accedere e utilizzare l&#8217;Applicazione e il suo contenuto. L&#8217;accesso e l&#8217;utilizzo sono solo personali e non commerciali e devono essere conformi ai presenti Termini di utilizzo.<\/p>\n<p>L&#8217;applicazione e il suo contenuto rimangono di propriet\u00e0 della Societ\u00e0 e dei suoi licenziatari e non ti vengono trasferiti, nemmeno dopo essere stati installati sui tuoi dispositivi (telefoni cellulari, tablet, ecc.).<\/p>\n<p>Non \u00e8 consentito trasferire o in alcun modo ridistribuire, sfruttare, pubblicare, ripubblicare, scaricare, riprodurre, copiare con mezzi meccanici o di altro tipo, con o senza elaborazione, trasferire, trasmettere o rendere disponibile al pubblico, parte o tutto, dell&#8217;applicazione e\/o del suo contenuto.<\/p>\n<p>Accetti di non utilizzare l&#8217;Applicazione in modo illegale o di non tentare di accedervi senza autorizzazione. La raccolta o l&#8217;archiviazione e\/o l&#8217;elaborazione di dati personali di terze parti senza il loro consenso espresso \u00e8 severamente vietata.<\/p>\n<p>\u00c8 vietata la decompilazione del software e\/o in qualsiasi modo l&#8217;elaborazione del codice sorgente e\/o il reverse engineering, lo smontaggio o la creazione di lavori derivati \u200b\u200bbasati sull&#8217;applicazione e\/o sul suo contenuto.<\/p>\n<p>Qualsiasi intervento non autorizzato per invalidare o aggirare le misure di sicurezza dell&#8217;applicazione \u00e8 vietato e perseguito a norma di legge.<\/p>\n<p>Il nome commerciale, i marchi e le caratteristiche distintive utilizzati e pubblicati sull&#8217;applicazione sono di esclusiva propriet\u00e0 della Societ\u00e0 o dei suoi licenziatari. In nessun caso ti viene concesso il diritto di utilizzare i Marchi di cui sopra per uso commerciale o non commerciale.<\/p>\n<p>La pubblicazione di un collegamento elettronico all&#8217;applicazione \u00e8 consentita a condizione che avvenga in modo legale e legittimo, non sia fuorviante o intenzionalmente dannoso per la reputazione della Societ\u00e0 e non sia intesa a trarre indebito vantaggio dalla reputazione della Societ\u00e0. Pubblicare un collegamento elettronico in un modo che suggerisca una qualche forma di cooperazione, approvazione o accettazione da parte della Societ\u00e0, quando non esiste, \u00e8 severamente vietato. La Societ\u00e0 si riserva il diritto di revocare qualsiasi licenza per utilizzare la sua applicazione come collegamento, senza preavviso.<\/p>\n<p>Devi rispettare la legge applicabile e non utilizzare l&#8217;Applicazione e\/o il suo contenuto in modo illegale e\/o abusivo. Sei responsabile per qualsiasi danno che possa essere causato dal tuo uso illegale e\/o abusivo dell&#8217;applicazione e\/o del suo contenuto.<\/p>\n<p>La Societ\u00e0 far\u00e0 ogni ragionevole sforzo per mantenere l&#8217;applicazione operativa. Alcuni problemi tecnici, attivit\u00e0, aggiornamenti possono talvolta causare interruzioni temporanee.<\/p>\n<p>La Societ\u00e0 non garantisce che il funzionamento dell&#8217;applicazione sar\u00e0 privo di interruzioni, errori o virus o che eventuali difetti nel sistema saranno corretti.<\/p>\n<p>La Societ\u00e0 non \u00e8 responsabile per l&#8217;eliminazione o la mancata memorizzazione dei tuoi contenuti, comunicazioni e impostazioni personali.<\/p>\n<p>La Societ\u00e0, a sua esclusiva discrezione, pu\u00f2 di volta in volta modificare caratteristiche, funzioni o contenuti disponibili tramite l&#8217;Applicazione, senza preavviso. La Societ\u00e0 non sar\u00e0 responsabile nei tuoi confronti o di terze parti per le modifiche di cui sopra e\/o in caso di modifica, sospensione o interruzione dell&#8217;applicazione. Se non sei soddisfatto o non desideri le modifiche di cui sopra, puoi smettere di utilizzare l&#8217;applicazione.<\/p>\n<p>La durata del presente Contratto inizia con il tuo primo utilizzo dell&#8217;applicazione e termina con la sua risoluzione da parte tua o della Societ\u00e0.<\/p>\n<p>Il presente Contratto viene risolto immediatamente dopo l&#8217;eliminazione dell&#8217;applicazione dai tuoi dispositivi e la cessazione dell&#8217;utilizzo di tutti i suoi servizi. La risoluzione pu\u00f2 avvenire in qualsiasi momento. La Societ\u00e0 pu\u00f2 limitare, sospendere o terminare immediatamente e senza costi, in qualsiasi momento, senza preavviso, per qualsiasi motivo, incluso in caso di violazione di uno qualsiasi dei Termini di utilizzo da parte tua. In caso di ritiro dell&#8217;applicazione e\/o del suo contenuto, verr\u00e0 fornito un preavviso.<\/p>\n<p>La Societ\u00e0 non sar\u00e0 responsabile nei tuoi confronti o nei confronti di terzi per la risoluzione dell&#8217;Applicazione e\/o la risoluzione del tuo utilizzo dell&#8217;Applicazione. In caso di risoluzione, cesserai di avere accesso a qualsiasi contenuto (della Societ\u00e0, tuo o di terzi).<\/p>\n<p>La Societ\u00e0 non rilascia alcuna dichiarazione e non garantisce l&#8217;applicazione e\/o il suo Contenuto. La Societ\u00e0 fa ogni sforzo per l&#8217;accuratezza delle sue informazioni, ma in nessun caso sar\u00e0 responsabile per qualsiasi informazione falsa, inaccurata o incompleta che sia stata inclusa nell&#8217;applicazione. Il Contenuto dell&#8217;Applicazione \u00e8 per scopi di intrattenimento e non informativi e non puoi basare la tua condotta sulle informazioni in esso contenute. La Societ\u00e0 non \u00e8 responsabile per alcuna perdita o danno causato a te o a terzi dall&#8217;uso delle informazioni incluse nell&#8217;applicazione. Allo stesso tempo, la Societ\u00e0 non si assume alcuna responsabilit\u00e0 per il contenuto di terzi, come analizzato sopra, per eventuali pubblicit\u00e0, promozioni e\/o servizi che possono essere offerti da terzi tramite l&#8217;applicazione e non \u00e8 responsabile per alcuna transazione tra te e terzi.<\/p>\n<p>L&#8217;applicazione e il suo contenuto sono forniti &#8220;cos\u00ec come sono&#8221; e &#8220;come disponibili&#8221; senza alcuna garanzia o condizione espressa o implicita di alcun tipo. La Societ\u00e0 non fornisce alcuna garanzia di qualit\u00e0 soddisfacente, commerciabilit\u00e0, idoneit\u00e0 per uno scopo particolare o non violazione.<\/p>\n<p>La Societ\u00e0 non fornisce alcuna garanzia per la sicurezza dell&#8217;applicazione e del suo contenuto da virus o altri programmi che potrebbero causare danni. La Societ\u00e0 non \u00e8 responsabile per eventuali perdite di dati che potrebbero derivare dal mancato utilizzo corretto della stessa.<\/p>\n<p>Nella misura massima consentita dalla legge applicabile, sollevi la Societ\u00e0 da qualsiasi reclamo, responsabilit\u00e0 e\/o richiesta che potresti avere derivante dal tuo utilizzo dell&#8217;Applicazione e\/o del Contenuto.<\/p>\n<p>Nella misura massima consentita dalla legge applicabile, la Societ\u00e0 non \u00e8 responsabile civilmente o penalmente per alcun danno (positivo, speciale o cumulativo, che indicativamente e non restrittivamente, disgiuntamente e\/o cumulativamente consiste in perdita di profitti, dati, mancati profitti, soddisfazione monetaria ecc.) che tu o una terza parte potreste subire per una causa correlata al funzionamento o al mancato funzionamento e\/o all&#8217;utilizzo dell&#8217;applicazione e\/o del suo contenuto e\/o all&#8217;impossibilit\u00e0 di fornire servizi e\/o informazioni disponibili da essa.<\/p>\n<p>La Societ\u00e0 rispetta il Regolamento generale per la protezione dei dati personali. Per maggiori informazioni sul trattamento dei tuoi dati personali, sui tuoi diritti e su come esercitarli, puoi visitare il sito web pertinente della Societ\u00e0 (Informativa sulla privacy).<\/p>\n<p>La Societ\u00e0 non tollera attivit\u00e0 che possano violare i diritti di propriet\u00e0 intellettuale. Su qualsiasi avviso pertinente da parte di un proprietario di propriet\u00e0 intellettuale, la Societ\u00e0 rimuover\u00e0 qualsiasi materiale dall&#8217;applicazione che riteniamo violi i diritti di propriet\u00e0 intellettuale di una terza parte accedendovi tramite l&#8217;applicazione.<\/p>\n<p>Se ritieni che qualsiasi contenuto nell&#8217;applicazione sia stato utilizzato in un modo che viola i tuoi diritti di propriet\u00e0 intellettuale, ti preghiamo di segnalarlo immediatamente all&#8217;indirizzo sottostante:<\/p>\n<p>Solutions Encodica Software Development O.O.<br \/>\nArapaki 6<br \/>\nKallithea 17676<br \/>\nAttica<\/p>\n<p>Questi Termini di utilizzo sono disciplinati e interpretati in conformit\u00e0 con la legge e le leggi della Grecia e per qualsiasi controversia derivante dal presente contratto, \u00e8 definita la giurisdizione esclusiva dei tribunali greci.<\/p>\n<p>La Societ\u00e0 non garantisce che il materiale nell&#8217;applicazione sia adatto, legale, disponibile per l&#8217;uso in paesi diversi dalla Grecia. Coloro che desiderano accedere o utilizzare l&#8217;applicazione al di fuori della Grecia sono responsabili della conformit\u00e0 alle leggi in vigore nel loro paese, nel caso in cui la legge greca non sia applicabile.<\/p>\n<p>Se hai meno di 18 anni non puoi accedere e\/o utilizzare l&#8217;Applicazione.<\/p>\n<p>I Termini di cui sopra insieme alla &#8220;Informativa sulla privacy&#8221; vincolano le parti (tu e la Societ\u00e0) nel loro insieme e costituiscono l&#8217;intero accordo delle parti e sostituiscono tutti gli accordi precedenti e attuali tra te e la Societ\u00e0.<\/p>\n<p>La Societ\u00e0 pu\u00f2 cedere l&#8217;Accordo e tutti i suoi diritti e obblighi ai sensi dello stesso. Non puoi cedere l&#8217;Accordo, in tutto o in parte, o trasferire i tuoi diritti ai sensi dell&#8217;Accordo a terze parti.<\/p>\n<p>Utilizzando l&#8217;applicazione accetti e acconsenti all&#8217;Informativa sulla privacy nonch\u00e9 a questi Termini di utilizzo.<\/p>\n","protected":false},"excerpt":{"rendered":"<p>Benvenuti in &#8220;Nema&#8221;, un&#8217;applicazione fornita da Solutions Encodica Software Development O.E. (la Societ\u00e0)! Questi Termini di utilizzo descrivono i termini e le condizioni riguardanti il \u200b\u200btuo accesso e utilizzo dell&#8217;applicazione e costituiscono il tuo Contratto legalmente vincolante con la Societ\u00e0. Puoi installare l&#8217;app sul tuo dispositivo Android e\/o iOS. Il contenuto dell&#8217;app Nema \u00e8 generato [&hellip;]<\/p>\n","protected":false},"author":1,"featured_media":0,"parent":0,"menu_order":1002,"comment_status":"closed","ping_status":"closed","template":"","meta":{"footnotes":""},"class_list":["post-97","page","type-page","status-publish","hentry"],"acf":[],"yoast_head":"<!-- This site is optimized with the Yoast SEO plugin v26.4 - https:\/\/yoast.com\/wordpress\/plugins\/seo\/ -->\n<title>Termini di utilizzo - Nema - Art<\/title>\n<meta name=\"robots\" content=\"index, follow, max-snippet:-1, max-image-preview:large, max-video-preview:-1\" \/>\n<link rel=\"canonical\" href=\"https:\/\/nema-art.app\/it\/terms_of_use\/\" \/>\n<meta property=\"og:locale\" content=\"it_IT\" \/>\n<meta property=\"og:type\" content=\"article\" \/>\n<meta property=\"og:title\" content=\"Termini di utilizzo - Nema - Art\" \/>\n<meta property=\"og:description\" content=\"Benvenuti in &#8220;Nema&#8221;, un&#8217;applicazione fornita da Solutions Encodica Software Development O.E. (la Societ\u00e0)! Questi Termini di utilizzo descrivono i termini e le condizioni riguardanti il \u200b\u200btuo accesso e utilizzo dell&#8217;applicazione e costituiscono il tuo Contratto legalmente vincolante con la Societ\u00e0. Puoi installare l&#8217;app sul tuo dispositivo Android e\/o iOS. Il contenuto dell&#8217;app Nema \u00e8 generato [&hellip;]\" \/>\n<meta property=\"og:url\" content=\"https:\/\/nema-art.app\/it\/terms_of_use\/\" \/>\n<meta property=\"og:site_name\" content=\"Nema - Art\" \/>\n<meta property=\"article:modified_time\" content=\"2025-06-05T12:38:06+00:00\" \/>\n<meta name=\"twitter:card\" content=\"summary_large_image\" \/>\n<meta name=\"twitter:label1\" content=\"Tempo di lettura stimato\" \/>\n\t<meta name=\"twitter:data1\" content=\"7 minuti\" \/>\n<script type=\"application\/ld+json\" class=\"yoast-schema-graph\">{\"@context\":\"https:\/\/schema.org\",\"@graph\":[{\"@type\":\"WebPage\",\"@id\":\"https:\/\/nema-art.app\/it\/terms_of_use\/\",\"url\":\"https:\/\/nema-art.app\/it\/terms_of_use\/\",\"name\":\"Termini di utilizzo - Nema - Art\",\"isPartOf\":{\"@id\":\"https:\/\/nema-art.app\/it\/#website\"},\"datePublished\":\"2024-10-16T12:43:32+00:00\",\"dateModified\":\"2025-06-05T12:38:06+00:00\",\"breadcrumb\":{\"@id\":\"https:\/\/nema-art.app\/it\/terms_of_use\/#breadcrumb\"},\"inLanguage\":\"it-IT\",\"potentialAction\":[{\"@type\":\"ReadAction\",\"target\":[\"https:\/\/nema-art.app\/it\/terms_of_use\/\"]}]},{\"@type\":\"BreadcrumbList\",\"@id\":\"https:\/\/nema-art.app\/it\/terms_of_use\/#breadcrumb\",\"itemListElement\":[{\"@type\":\"ListItem\",\"position\":1,\"name\":\"Home\",\"item\":\"https:\/\/nema-art.app\/it\/home\/\"},{\"@type\":\"ListItem\",\"position\":2,\"name\":\"Termini di utilizzo\"}]},{\"@type\":\"WebSite\",\"@id\":\"https:\/\/nema-art.app\/it\/#website\",\"url\":\"https:\/\/nema-art.app\/it\/\",\"name\":\"Nema - Art\",\"description\":\"a dialogue with an artwork\",\"publisher\":{\"@id\":\"https:\/\/nema-art.app\/it\/#organization\"},\"potentialAction\":[{\"@type\":\"SearchAction\",\"target\":{\"@type\":\"EntryPoint\",\"urlTemplate\":\"https:\/\/nema-art.app\/it\/?s={search_term_string}\"},\"query-input\":{\"@type\":\"PropertyValueSpecification\",\"valueRequired\":true,\"valueName\":\"search_term_string\"}}],\"inLanguage\":\"it-IT\"},{\"@type\":\"Organization\",\"@id\":\"https:\/\/nema-art.app\/it\/#organization\",\"name\":\"Encodica\",\"url\":\"https:\/\/nema-art.app\/it\/\",\"logo\":{\"@type\":\"ImageObject\",\"inLanguage\":\"it-IT\",\"@id\":\"https:\/\/nema-art.app\/it\/#\/schema\/logo\/image\/\",\"url\":\"https:\/\/nema-art.app\/wp-content\/uploads\/2025\/05\/nema-logo-black-480.png\",\"contentUrl\":\"https:\/\/nema-art.app\/wp-content\/uploads\/2025\/05\/nema-logo-black-480.png\",\"width\":490,\"height\":183,\"caption\":\"Encodica\"},\"image\":{\"@id\":\"https:\/\/nema-art.app\/it\/#\/schema\/logo\/image\/\"}}]}<\/script>\n<!-- \/ Yoast SEO plugin. -->","yoast_head_json":{"title":"Termini di utilizzo - Nema - Art","robots":{"index":"index","follow":"follow","max-snippet":"max-snippet:-1","max-image-preview":"max-image-preview:large","max-video-preview":"max-video-preview:-1"},"canonical":"https:\/\/nema-art.app\/it\/terms_of_use\/","og_locale":"it_IT","og_type":"article","og_title":"Termini di utilizzo - Nema - Art","og_description":"Benvenuti in &#8220;Nema&#8221;, un&#8217;applicazione fornita da Solutions Encodica Software Development O.E. (la Societ\u00e0)! Questi Termini di utilizzo descrivono i termini e le condizioni riguardanti il \u200b\u200btuo accesso e utilizzo dell&#8217;applicazione e costituiscono il tuo Contratto legalmente vincolante con la Societ\u00e0. Puoi installare l&#8217;app sul tuo dispositivo Android e\/o iOS. Il contenuto dell&#8217;app Nema \u00e8 generato [&hellip;]","og_url":"https:\/\/nema-art.app\/it\/terms_of_use\/","og_site_name":"Nema - Art","article_modified_time":"2025-06-05T12:38:06+00:00","twitter_card":"summary_large_image","twitter_misc":{"Tempo di lettura stimato":"7 minuti"},"schema":{"@context":"https:\/\/schema.org","@graph":[{"@type":"WebPage","@id":"https:\/\/nema-art.app\/it\/terms_of_use\/","url":"https:\/\/nema-art.app\/it\/terms_of_use\/","name":"Termini di utilizzo - Nema - Art","isPartOf":{"@id":"https:\/\/nema-art.app\/it\/#website"},"datePublished":"2024-10-16T12:43:32+00:00","dateModified":"2025-06-05T12:38:06+00:00","breadcrumb":{"@id":"https:\/\/nema-art.app\/it\/terms_of_use\/#breadcrumb"},"inLanguage":"it-IT","potentialAction":[{"@type":"ReadAction","target":["https:\/\/nema-art.app\/it\/terms_of_use\/"]}]},{"@type":"BreadcrumbList","@id":"https:\/\/nema-art.app\/it\/terms_of_use\/#breadcrumb","itemListElement":[{"@type":"ListItem","position":1,"name":"Home","item":"https:\/\/nema-art.app\/it\/home\/"},{"@type":"ListItem","position":2,"name":"Termini di utilizzo"}]},{"@type":"WebSite","@id":"https:\/\/nema-art.app\/it\/#website","url":"https:\/\/nema-art.app\/it\/","name":"Nema - Art","description":"a dialogue with an artwork","publisher":{"@id":"https:\/\/nema-art.app\/it\/#organization"},"potentialAction":[{"@type":"SearchAction","target":{"@type":"EntryPoint","urlTemplate":"https:\/\/nema-art.app\/it\/?s={search_term_string}"},"query-input":{"@type":"PropertyValueSpecification","valueRequired":true,"valueName":"search_term_string"}}],"inLanguage":"it-IT"},{"@type":"Organization","@id":"https:\/\/nema-art.app\/it\/#organization","name":"Encodica","url":"https:\/\/nema-art.app\/it\/","logo":{"@type":"ImageObject","inLanguage":"it-IT","@id":"https:\/\/nema-art.app\/it\/#\/schema\/logo\/image\/","url":"https:\/\/nema-art.app\/wp-content\/uploads\/2025\/05\/nema-logo-black-480.png","contentUrl":"https:\/\/nema-art.app\/wp-content\/uploads\/2025\/05\/nema-logo-black-480.png","width":490,"height":183,"caption":"Encodica"},"image":{"@id":"https:\/\/nema-art.app\/it\/#\/schema\/logo\/image\/"}}]}},"_links":{"self":[{"href":"https:\/\/nema-art.app\/it\/wp-json\/wp\/v2\/pages\/97","targetHints":{"allow":["GET"]}}],"collection":[{"href":"https:\/\/nema-art.app\/it\/wp-json\/wp\/v2\/pages"}],"about":[{"href":"https:\/\/nema-art.app\/it\/wp-json\/wp\/v2\/types\/page"}],"author":[{"embeddable":true,"href":"https:\/\/nema-art.app\/it\/wp-json\/wp\/v2\/users\/1"}],"replies":[{"embeddable":true,"href":"https:\/\/nema-art.app\/it\/wp-json\/wp\/v2\/comments?post=97"}],"version-history":[{"count":7,"href":"https:\/\/nema-art.app\/it\/wp-json\/wp\/v2\/pages\/97\/revisions"}],"predecessor-version":[{"id":2548,"href":"https:\/\/nema-art.app\/it\/wp-json\/wp\/v2\/pages\/97\/revisions\/2548"}],"wp:attachment":[{"href":"https:\/\/nema-art.app\/it\/wp-json\/wp\/v2\/media?parent=97"}],"curies":[{"name":"wp","href":"https:\/\/api.w.org\/{rel}","templated":true}]}}