{"id":101,"date":"2024-10-16T12:43:32","date_gmt":"2024-10-16T12:43:32","guid":{"rendered":"https:\/\/nema.optimedia.gr\/?page_id=101"},"modified":"2025-06-05T19:17:10","modified_gmt":"2025-06-05T19:17:10","slug":"terms_of_use","status":"publish","type":"page","link":"https:\/\/nema-art.app\/tr\/terms_of_use\/","title":{"rendered":"Kullan\u0131m Ko\u015fullar\u0131"},"content":{"rendered":"<p>Solutions Encodica Software Development O.E. (\u015eirket) taraf\u0131ndan sa\u011flanan bir uygulama olan &#8220;Nema&#8221;ya ho\u015f geldiniz!<\/p>\n<p>Bu Kullan\u0131m \u015eartlar\u0131, uygulamaya eri\u015fiminiz ve kullan\u0131m\u0131n\u0131zla ilgili h\u00fck\u00fcm ve ko\u015fullar\u0131 a\u00e7\u0131klar ve \u015eirket ile yasal olarak ba\u011flay\u0131c\u0131 S\u00f6zle\u015fmenizi olu\u015fturur.<\/p>\n<p>Uygulamay\u0131 Android cihaz\u0131n\u0131za veya\/veya iOS cihaz\u0131n\u0131za y\u00fckleyebilirsiniz.<\/p>\n<p>Nema uygulama i\u00e7eri\u011fi yapay zeka dil modeli taraf\u0131ndan \u00fcretilir. Do\u011fruluk ve kalite i\u00e7in \u00e7abalarken, sa\u011flanan bilgilerin tamamen hatas\u0131z veya g\u00fcncel olmayabilece\u011fini l\u00fctfen unutmay\u0131n. \u0130\u00e7eri\u011fi ba\u011f\u0131ms\u0131z olarak do\u011frulaman\u0131z\u0131 ve belirli tavsiyeler veya bilgiler i\u00e7in profesyonellere dan\u0131\u015fman\u0131z\u0131 \u00f6neririz. Bu uygulama i\u00e7eri\u011finin kullan\u0131m\u0131 veya yorumlanmas\u0131 i\u00e7in herhangi bir sorumluluk veya y\u00fck\u00fcml\u00fcl\u00fck kabul etmiyoruz.<\/p>\n<p>Uygulamay\u0131 kullanarak, bu S\u00f6zle\u015fmeyi ve Kullan\u0131m \u015eartlar\u0131n\u0131 okudu\u011funuzu, anlad\u0131\u011f\u0131n\u0131z\u0131 ve bunlara ba\u011fl\u0131 oldu\u011funuzu a\u00e7\u0131k\u00e7a ve ko\u015fulsuz olarak beyan edersiniz.<\/p>\n<p>Bu S\u00f6zle\u015fmeyi kabul etmiyorsan\u0131z, uygulamay\u0131 kullanamaz ve i\u00e7eri\u011fine eri\u015femezsiniz.<\/p>\n<p>Kullan\u0131m \u015eartlar\u0131, \u015eirket taraf\u0131ndan \u00f6nceden bildirimde bulunulmaks\u0131z\u0131n tek tarafl\u0131 olarak de\u011fi\u015ftirilebilir. De\u011fi\u015ftirilen \u015eartlar derhal yay\u0131nlanacak ve yay\u0131nland\u0131\u011f\u0131 anda sizin i\u00e7in ba\u011flay\u0131c\u0131 olacakt\u0131r.<\/p>\n<p>\u00d6nemli de\u011fi\u015fiklikler olmas\u0131 durumunda, \u015eirket sizi duruma ba\u011fl\u0131 olarak uygun \u015fekilde, \u00f6rne\u011fin ba\u015fvuruda bildirimde bulunarak ve\/veya kabul\u00fcn\u00fcz\u00fc belirterek bilgilendirecektir. L\u00fctfen g\u00f6nderilen ve\/veya yay\u0131nlanan t\u00fcm bildirimleri dikkatlice okuyun. Bildirimden sonra hizmeti kullanmaya devam ederseniz, Kullan\u0131m \u015eartlar\u0131&#8217;ndaki t\u00fcm de\u011fi\u015fiklikleri kabul etmi\u015f olursunuz.<\/p>\n<p>Uygulaman\u0131n t\u00fcm kullan\u0131c\u0131lar\u0131 kay\u0131tl\u0131 misafirler olarak ay\u0131rt edilir, yani Android cihazlar i\u00e7in Google \u015firketi ve\/veya iOS cihazlar i\u00e7in Apple \u015firketi arac\u0131l\u0131\u011f\u0131yla bir hesap olu\u015fturarak uygulamaya giri\u015f yapman\u0131z gerekir. Uygulama s\u0131n\u0131rl\u0131 kullan\u0131m i\u00e7in \u00fccretsizdir, ancak geni\u015fletilmi\u015f kullan\u0131m i\u00e7in App Store ve Google Play ma\u011fazalar\u0131ndan sat\u0131n al\u0131nmas\u0131 gerekir.<\/p>\n<p>Uygulama ve \u0130\u00e7erik, \u015eirket&#8217;in veya lisans verenlerinin m\u00fclkiyetindedir.<\/p>\n<p>\u015eirket, Uygulama&#8217;ya ve i\u00e7eri\u011fine eri\u015fmeniz ve bunlar\u0131 kullanman\u0131z i\u00e7in size s\u0131n\u0131rl\u0131, m\u00fcnhas\u0131r olmayan, geri al\u0131nabilir, devredilemez ve telifsiz bir lisans verir. Eri\u015fim ve kullan\u0131m yaln\u0131zca ki\u015fisel ve ticari olmayan niteliktedir ve mevcut Kullan\u0131m \u015eartlar\u0131&#8217;na uygun olmal\u0131d\u0131r.<\/p>\n<p>Uygulama ve i\u00e7eri\u011fi, \u015eirket&#8217;in ve lisans verenlerinin m\u00fclkiyetinde kal\u0131r ve cihazlar\u0131n\u0131za (cep telefonlar\u0131, tabletler vb.) y\u00fcklendikten sonra bile size devredilmez.<\/p>\n<p>Uygulaman\u0131n ve\/veya i\u00e7eri\u011finin bir k\u0131sm\u0131n\u0131 veya tamam\u0131n\u0131 devretmek veya herhangi bir \u015fekilde yeniden da\u011f\u0131tmak, kullanmak, yay\u0131nlamak, yeniden yay\u0131nlamak, indirmek, \u00e7o\u011faltmak, mekanik veya ba\u015fka yollarla kopyalamak, i\u015fleyerek veya i\u015flemeden, devretmek, iletmek veya kamuya a\u00e7\u0131k hale getirmek yasakt\u0131r.<\/p>\n<p>Uygulamay\u0131 yasa d\u0131\u015f\u0131 bir \u015fekilde kullanmayaca\u011f\u0131n\u0131z\u0131 veya izinsiz eri\u015fmeye \u00e7al\u0131\u015fmayaca\u011f\u0131n\u0131z\u0131 kabul edersiniz. \u00dc\u00e7\u00fcnc\u00fc \u015fah\u0131slar\u0131n ki\u015fisel verilerini a\u00e7\u0131k r\u0131zalar\u0131 olmadan toplaman\u0131z, saklaman\u0131z ve\/veya i\u015flemeniz kesinlikle yasakt\u0131r.<\/p>\n<p>Yaz\u0131l\u0131m\u0131n derlenmesi ve\/veya kaynak kodunun herhangi bir \u015fekilde i\u015flenmesi ve\/veya tersine m\u00fchendislik yap\u0131lmas\u0131, par\u00e7alara ayr\u0131lmas\u0131 veya uygulamaya ve\/veya i\u00e7eri\u011fine dayal\u0131 t\u00fcrev \u00e7al\u0131\u015fmalar\u0131n olu\u015fturulmas\u0131 yasakt\u0131r.<\/p>\n<p>Uygulaman\u0131n g\u00fcvenlik \u00f6nlemlerini ge\u00e7ersiz k\u0131lmak veya atlatmak i\u00e7in yetkisiz herhangi bir m\u00fcdahale yasakt\u0131r ve yasalara g\u00f6re kovu\u015fturulur.<\/p>\n<p>Uygulamada kullan\u0131lan ve yay\u0131nlanan ticari ad, ticari markalar ve ay\u0131rt edici \u00f6zellikler, \u015eirket&#8217;in veya lisans verenlerinin m\u00fcnhas\u0131r m\u00fclkiyetindedir. Hi\u00e7bir ko\u015fulda yukar\u0131daki \u0130\u015faretleri ticari veya ticari olmayan ama\u00e7larla kullanma hakk\u0131n\u0131z verilmez.<\/p>\n<p>Uygulamaya elektronik ba\u011flant\u0131n\u0131n yay\u0131nlanmas\u0131na, yasal ve me\u015fru bir \u015fekilde ger\u00e7ekle\u015fmesi, yan\u0131lt\u0131c\u0131 olmamas\u0131 veya \u015eirket&#8217;in itibar\u0131na kas\u0131tl\u0131 olarak zarar vermemesi ve \u015eirket&#8217;in itibar\u0131ndan haks\u0131z avantaj elde etmeyi ama\u00e7lamamas\u0131 ko\u015fuluyla izin verilir. \u015eirket taraf\u0131ndan hi\u00e7bir i\u015fbirli\u011fi, onay veya kabul ima eden bir \u015fekilde elektronik ba\u011flant\u0131 yay\u0131nlanmas\u0131 kesinlikle yasakt\u0131r. \u015eirket, \u00f6nceden bildirimde bulunmaks\u0131z\u0131n uygulamas\u0131n\u0131 ba\u011flant\u0131 olarak kullanma lisans\u0131n\u0131 iptal etme hakk\u0131n\u0131 sakl\u0131 tutar.<\/p>\n<p>Y\u00fcr\u00fcrl\u00fckteki yasaya uymal\u0131 ve Uygulamay\u0131 ve\/veya i\u00e7eri\u011fini yasa d\u0131\u015f\u0131 ve\/veya k\u00f6t\u00fcye kullanmamal\u0131s\u0131n\u0131z. Uygulaman\u0131n ve\/veya i\u00e7eri\u011finin yasad\u0131\u015f\u0131 ve\/veya k\u00f6t\u00fcye kullan\u0131m\u0131 nedeniyle olu\u015fabilecek herhangi bir hasardan siz sorumlusunuz.<\/p>\n<p>\u015eirket, uygulamay\u0131 \u00e7al\u0131\u015f\u0131r durumda tutmak i\u00e7in makul \u00e7aba g\u00f6sterecektir. Baz\u0131 teknik sorunlar, g\u00f6revler, g\u00fcncellemeler bazen ge\u00e7ici kesintilere yol a\u00e7abilir.<\/p>\n<p>\u015eirket, uygulaman\u0131n \u00e7al\u0131\u015fmas\u0131n\u0131n kesintilerden, hatalardan veya vir\u00fcslerden ar\u0131nm\u0131\u015f olaca\u011f\u0131n\u0131 veya sistemdeki herhangi bir kusurun d\u00fczeltilece\u011fini garanti etmez.<\/p>\n<p>\u015eirket, i\u00e7eriklerinizin, ileti\u015fimlerinizin ve ki\u015fisel ayarlar\u0131n\u0131z\u0131n silinmesinden veya saklanamamas\u0131ndan sorumlu de\u011fildir.<\/p>\n<p>\u015eirket, kendi takdirine ba\u011fl\u0131 olarak, \u00f6nceden bildirimde bulunmaks\u0131z\u0131n Uygulama arac\u0131l\u0131\u011f\u0131yla sunulan \u00f6zellikleri, i\u015flevleri veya i\u00e7eri\u011fi zaman zaman de\u011fi\u015ftirebilir. \u015eirket, yukar\u0131daki de\u011fi\u015fiklikler ve\/veya uygulaman\u0131n de\u011fi\u015ftirilmesi, ask\u0131ya al\u0131nmas\u0131 veya durdurulmas\u0131 durumunda size veya \u00fc\u00e7\u00fcnc\u00fc taraflara kar\u015f\u0131 sorumlu olmayacakt\u0131r. Yukar\u0131daki de\u011fi\u015fikliklerden memnun de\u011filseniz veya istemiyorsan\u0131z, uygulamay\u0131 kullanmay\u0131 b\u0131rakabilirsiniz.<\/p>\n<p>Bu S\u00f6zle\u015fmenin s\u00fcresi, uygulamay\u0131 ilk kullan\u0131m\u0131n\u0131zla ba\u015flar ve sizin veya \u015eirket taraf\u0131ndan feshedilmesiyle sona erer.<\/p>\n<p>Bu S\u00f6zle\u015fme, uygulaman\u0131n cihazlar\u0131n\u0131zdan silinmesi ve t\u00fcm hizmetlerinin kullan\u0131m\u0131n\u0131n sonland\u0131r\u0131lmas\u0131 \u00fczerine derhal feshedilir. Fesih herhangi bir zamanda ger\u00e7ekle\u015febilir. \u015eirket, herhangi bir nedenle, sizin taraf\u0131n\u0131zdan Kullan\u0131m \u015eartlar\u0131ndan herhangi birinin ihlal edilmesi durumu da dahil olmak \u00fczere, herhangi bir zamanda, \u00f6nceden bildirimde bulunmaks\u0131z\u0131n, derhal ve \u00fccretsiz olarak bunu s\u0131n\u0131rlayabilir, ask\u0131ya alabilir veya feshedebilir. Uygulaman\u0131n ve\/veya i\u00e7eri\u011finin geri \u00e7ekilmesi durumunda, \u00f6nceden bildirimde bulunulacakt\u0131r.<\/p>\n<p>\u015eirket, Uygulaman\u0131n ve\/veya Uygulamay\u0131 kullan\u0131m\u0131n\u0131z\u0131n sonland\u0131r\u0131lmas\u0131 nedeniyle size veya herhangi bir \u00fc\u00e7\u00fcnc\u00fc tarafa kar\u015f\u0131 sorumlu olmayacakt\u0131r. Fesih \u00fczerine, herhangi bir i\u00e7eri\u011fe (\u015eirketin, sizin veya \u00fc\u00e7\u00fcnc\u00fc taraf\u0131n) eri\u015fiminiz sona erecektir.<\/p>\n<p>\u015eirket herhangi bir beyanda bulunmaz ve uygulamay\u0131 ve\/veya \u0130\u00e7eri\u011fini garanti etmez. \u015eirket, bilgilerinin do\u011frulu\u011fu i\u00e7in her t\u00fcrl\u00fc \u00e7abay\u0131 g\u00f6sterir, ancak hi\u00e7bir durumda uygulamaya dahil edilen herhangi bir yanl\u0131\u015f, hatal\u0131 veya eksik bilgiden sorumlu olmayacakt\u0131r. Uygulama \u0130\u00e7eri\u011fi e\u011flence ama\u00e7l\u0131d\u0131r ve bilgilendirme ama\u00e7l\u0131 de\u011fildir ve davran\u0131\u015f\u0131n\u0131z\u0131 burada yer alan bilgilere dayand\u0131ramazs\u0131n\u0131z. \u015eirket, uygulamada yer alan bilgilerin kullan\u0131m\u0131ndan dolay\u0131 sizin veya \u00fc\u00e7\u00fcnc\u00fc ki\u015filerin u\u011frad\u0131\u011f\u0131 herhangi bir kay\u0131p veya zarardan sorumlu de\u011fildir. Ayn\u0131 zamanda \u015eirket, yukar\u0131da analiz edildi\u011fi \u00fczere \u00fc\u00e7\u00fcnc\u00fc ki\u015filerin i\u00e7erikleri, uygulama arac\u0131l\u0131\u011f\u0131yla \u00fc\u00e7\u00fcnc\u00fc ki\u015filer taraf\u0131ndan sunulabilecek herhangi bir reklam, promosyon ve\/veya hizmet i\u00e7in hi\u00e7bir sorumluluk kabul etmez ve sizinle herhangi bir \u00fc\u00e7\u00fcnc\u00fc ki\u015fi aras\u0131ndaki herhangi bir i\u015flemden sorumlu de\u011fildir.<\/p>\n<p>Uygulama ve i\u00e7eri\u011fi, herhangi bir a\u00e7\u0131k veya z\u0131mni garanti veya ko\u015ful olmaks\u0131z\u0131n &#8220;oldu\u011fu gibi&#8221; ve &#8220;mevcut oldu\u011fu \u015fekilde&#8221; sa\u011flan\u0131r. \u015eirket, tatmin edici kalite, pazarlanabilirlik, belirli bir amaca uygunluk veya ihlal edilmeme konusunda hi\u00e7bir garanti vermez.<\/p>\n<p>\u015eirket, uygulaman\u0131n ve i\u00e7eri\u011finin vir\u00fcslerden veya zarara neden olabilecek di\u011fer programlardan korunmas\u0131 konusunda hi\u00e7bir garanti vermez. \u015eirket, bunlar\u0131 uygun \u015fekilde kullanmaman\u0131zdan kaynaklanabilecek herhangi bir veri kayb\u0131ndan sorumlu de\u011fildir.<\/p>\n<p>Uygulanabilir yasa taraf\u0131ndan izin verilen en geni\u015f \u00f6l\u00e7\u00fcde, Uygulamay\u0131 ve\/veya \u0130\u00e7eri\u011fi kullan\u0131m\u0131n\u0131zdan kaynaklanan herhangi bir talep, y\u00fck\u00fcml\u00fcl\u00fck ve\/veya talepten \u015eirketi muaf tutars\u0131n\u0131z.<\/p>\n<p>Uygulanabilir yasan\u0131n izin verdi\u011fi azami \u00f6l\u00e7\u00fcde, \u015eirket, sizin veya \u00fc\u00e7\u00fcnc\u00fc bir taraf\u0131n, uygulaman\u0131n ve\/veya i\u00e7eri\u011finin i\u015fletimi veya i\u015flevsizli\u011fi ve\/veya kullan\u0131m\u0131 ve\/veya hizmet ve\/veya buradan edinilebilen bilgilerin sa\u011flanamamas\u0131yla ilgili bir nedenden dolay\u0131 u\u011frayabilece\u011fi herhangi bir zarardan (pozitif, \u00f6zel veya k\u00fcm\u00fclatif, g\u00f6sterge niteli\u011finde ve k\u0131s\u0131tlay\u0131c\u0131 olmayan, kesintili ve\/veya k\u00fcm\u00fclatif olarak kar kayb\u0131, veri kayb\u0131, kar kayb\u0131, parasal tatmin vb. i\u00e7eren) hukuki veya cezai olarak sorumlu de\u011fildir.<\/p>\n<p>\u015eirket, Ki\u015fisel Verilerin Korunmas\u0131 Genel Y\u00f6netmeli\u011fine uymaktad\u0131r. Ki\u015fisel verilerinizin i\u015flenmesi, haklar\u0131n\u0131z ve bunlar\u0131 nas\u0131l kullanaca\u011f\u0131n\u0131z hakk\u0131nda daha fazla bilgi i\u00e7in \u015eirketin ilgili web sitesini (Gizlilik Politikas\u0131) ziyaret edebilirsiniz.<\/p>\n<p>\u015eirket, fikri m\u00fclkiyet haklar\u0131n\u0131 ihlal edebilecek faaliyetlere m\u00fcsamaha g\u00f6stermez. Bir fikri m\u00fclkiyet sahibinden gelen ilgili herhangi bir bildirim \u00fczerine \u015eirket, uygulama arac\u0131l\u0131\u011f\u0131yla eri\u015ferek \u00fc\u00e7\u00fcnc\u00fc bir taraf\u0131n fikri m\u00fclkiyet haklar\u0131n\u0131 ihlal etti\u011fine inand\u0131\u011f\u0131m\u0131z t\u00fcm materyalleri uygulamadan kald\u0131racakt\u0131r.<\/p>\n<p>Uygulamadaki herhangi bir i\u00e7eri\u011fin fikri m\u00fclkiyet haklar\u0131n\u0131z\u0131 ihlal edecek \u015fekilde kullan\u0131ld\u0131\u011f\u0131na inan\u0131yorsan\u0131z, l\u00fctfen bunu derhal a\u015fa\u011f\u0131daki adrese bildirin:<\/p>\n<p>Solutions Encodica Software Development O.O.<br \/>\nArapaki 6<br \/>\nKallithea 17676<br \/>\nAttica<\/p>\n<p>Bu Kullan\u0131m \u015eartlar\u0131, Yunanistan yasalar\u0131na ve kanunlar\u0131na g\u00f6re y\u00f6netilir ve yorumlan\u0131r ve bu s\u00f6zle\u015fmeden kaynaklanan herhangi bir anla\u015fmazl\u0131k i\u00e7in Yunan mahkemelerinin m\u00fcnhas\u0131r yarg\u0131 yetkisi tan\u0131mlanm\u0131\u015ft\u0131r.<\/p>\n<p>\u015eirket, uygulamadaki materyalin Yunanistan d\u0131\u015f\u0131ndaki \u00fclkelerde kullan\u0131ma uygun, yasal ve eri\u015filebilir oldu\u011funu garanti etmez. Yunanistan d\u0131\u015f\u0131nda uygulamaya eri\u015fmek veya uygulamay\u0131 kullanmak isteyenler, Yunan yasalar\u0131 ge\u00e7erli olmad\u0131\u011f\u0131 takdirde \u00fclkelerinde y\u00fcr\u00fcrl\u00fckte olan yasalara uymaktan sorumludur.<\/p>\n<p>18 ya\u015f\u0131ndan k\u00fc\u00e7\u00fckseniz Uygulamaya eri\u015femez ve\/veya kullanamazs\u0131n\u0131z.<\/p>\n<p>Yukar\u0131daki \u015eartlar, &#8220;Gizlilik Politikas\u0131&#8221; ile birlikte taraflar\u0131 (sizi ve \u015eirketi) bir b\u00fct\u00fcn olarak ba\u011flar ve taraflar\u0131n t\u00fcm anla\u015fmas\u0131n\u0131 olu\u015fturur ve sizinle \u015eirket aras\u0131ndaki \u00f6nceki ve mevcut t\u00fcm anla\u015fmalar\u0131n yerini al\u0131r.<\/p>\n<p>\u015eirket, Anla\u015fmay\u0131 ve Anla\u015fma kapsam\u0131ndaki hak ve y\u00fck\u00fcml\u00fcl\u00fcklerinin herhangi birini devredebilir. Anla\u015fmay\u0131 tamamen veya k\u0131smen devredemez veya Anla\u015fma kapsam\u0131ndaki haklar\u0131n\u0131z\u0131 herhangi bir \u00fc\u00e7\u00fcnc\u00fc tarafa devredemezsiniz.<\/p>\n<p>Uygulamay\u0131 kullanarak Gizlilik Politikas\u0131n\u0131 ve bu Kullan\u0131m \u015eartlar\u0131n\u0131 kabul etmi\u015f ve onaylam\u0131\u015f olursunuz.<\/p>\n","protected":false},"excerpt":{"rendered":"<p>Solutions Encodica Software Development O.E. (\u015eirket) taraf\u0131ndan sa\u011flanan bir uygulama olan &#8220;Nema&#8221;ya ho\u015f geldiniz! Bu Kullan\u0131m \u015eartlar\u0131, uygulamaya eri\u015fiminiz ve kullan\u0131m\u0131n\u0131zla ilgili h\u00fck\u00fcm ve ko\u015fullar\u0131 a\u00e7\u0131klar ve \u015eirket ile yasal olarak ba\u011flay\u0131c\u0131 S\u00f6zle\u015fmenizi olu\u015fturur. Uygulamay\u0131 Android cihaz\u0131n\u0131za veya\/veya iOS cihaz\u0131n\u0131za y\u00fckleyebilirsiniz. Nema uygulama i\u00e7eri\u011fi yapay zeka dil modeli taraf\u0131ndan \u00fcretilir. Do\u011fruluk ve kalite i\u00e7in \u00e7abalarken, [&hellip;]<\/p>\n","protected":false},"author":1,"featured_media":0,"parent":0,"menu_order":1002,"comment_status":"closed","ping_status":"closed","template":"","meta":{"footnotes":""},"class_list":["post-101","page","type-page","status-publish","hentry"],"acf":[],"yoast_head":"<!-- This site is optimized with the Yoast SEO plugin v26.4 - https:\/\/yoast.com\/wordpress\/plugins\/seo\/ -->\n<title>Kullan\u0131m Ko\u015fullar\u0131 - Nema - Art<\/title>\n<meta name=\"robots\" content=\"index, follow, max-snippet:-1, max-image-preview:large, max-video-preview:-1\" \/>\n<link rel=\"canonical\" href=\"https:\/\/nema-art.app\/tr\/terms_of_use\/\" \/>\n<meta property=\"og:locale\" content=\"tr_TR\" \/>\n<meta property=\"og:type\" content=\"article\" \/>\n<meta property=\"og:title\" content=\"Kullan\u0131m Ko\u015fullar\u0131 - Nema - Art\" \/>\n<meta property=\"og:description\" content=\"Solutions Encodica Software Development O.E. (\u015eirket) taraf\u0131ndan sa\u011flanan bir uygulama olan &#8220;Nema&#8221;ya ho\u015f geldiniz! Bu Kullan\u0131m \u015eartlar\u0131, uygulamaya eri\u015fiminiz ve kullan\u0131m\u0131n\u0131zla ilgili h\u00fck\u00fcm ve ko\u015fullar\u0131 a\u00e7\u0131klar ve \u015eirket ile yasal olarak ba\u011flay\u0131c\u0131 S\u00f6zle\u015fmenizi olu\u015fturur. Uygulamay\u0131 Android cihaz\u0131n\u0131za veya\/veya iOS cihaz\u0131n\u0131za y\u00fckleyebilirsiniz. Nema uygulama i\u00e7eri\u011fi yapay zeka dil modeli taraf\u0131ndan \u00fcretilir. Do\u011fruluk ve kalite i\u00e7in \u00e7abalarken, [&hellip;]\" \/>\n<meta property=\"og:url\" content=\"https:\/\/nema-art.app\/tr\/terms_of_use\/\" \/>\n<meta property=\"og:site_name\" content=\"Nema - Art\" \/>\n<meta property=\"article:modified_time\" content=\"2025-06-05T19:17:10+00:00\" \/>\n<meta name=\"twitter:card\" content=\"summary_large_image\" \/>\n<meta name=\"twitter:label1\" content=\"Tahmini okuma s\u00fcresi\" \/>\n\t<meta name=\"twitter:data1\" content=\"6 dakika\" \/>\n<script type=\"application\/ld+json\" class=\"yoast-schema-graph\">{\"@context\":\"https:\/\/schema.org\",\"@graph\":[{\"@type\":\"WebPage\",\"@id\":\"https:\/\/nema-art.app\/tr\/terms_of_use\/\",\"url\":\"https:\/\/nema-art.app\/tr\/terms_of_use\/\",\"name\":\"Kullan\u0131m Ko\u015fullar\u0131 - Nema - Art\",\"isPartOf\":{\"@id\":\"https:\/\/nema-art.app\/tr\/#website\"},\"datePublished\":\"2024-10-16T12:43:32+00:00\",\"dateModified\":\"2025-06-05T19:17:10+00:00\",\"breadcrumb\":{\"@id\":\"https:\/\/nema-art.app\/tr\/terms_of_use\/#breadcrumb\"},\"inLanguage\":\"tr\",\"potentialAction\":[{\"@type\":\"ReadAction\",\"target\":[\"https:\/\/nema-art.app\/tr\/terms_of_use\/\"]}]},{\"@type\":\"BreadcrumbList\",\"@id\":\"https:\/\/nema-art.app\/tr\/terms_of_use\/#breadcrumb\",\"itemListElement\":[{\"@type\":\"ListItem\",\"position\":1,\"name\":\"Home\",\"item\":\"https:\/\/nema-art.app\/tr\/home\/\"},{\"@type\":\"ListItem\",\"position\":2,\"name\":\"Kullan\u0131m Ko\u015fullar\u0131\"}]},{\"@type\":\"WebSite\",\"@id\":\"https:\/\/nema-art.app\/tr\/#website\",\"url\":\"https:\/\/nema-art.app\/tr\/\",\"name\":\"Nema - Art\",\"description\":\"a dialogue with an artwork\",\"publisher\":{\"@id\":\"https:\/\/nema-art.app\/tr\/#organization\"},\"potentialAction\":[{\"@type\":\"SearchAction\",\"target\":{\"@type\":\"EntryPoint\",\"urlTemplate\":\"https:\/\/nema-art.app\/tr\/?s={search_term_string}\"},\"query-input\":{\"@type\":\"PropertyValueSpecification\",\"valueRequired\":true,\"valueName\":\"search_term_string\"}}],\"inLanguage\":\"tr\"},{\"@type\":\"Organization\",\"@id\":\"https:\/\/nema-art.app\/tr\/#organization\",\"name\":\"Encodica\",\"url\":\"https:\/\/nema-art.app\/tr\/\",\"logo\":{\"@type\":\"ImageObject\",\"inLanguage\":\"tr\",\"@id\":\"https:\/\/nema-art.app\/tr\/#\/schema\/logo\/image\/\",\"url\":\"https:\/\/nema-art.app\/wp-content\/uploads\/2025\/05\/nema-logo-black-480.png\",\"contentUrl\":\"https:\/\/nema-art.app\/wp-content\/uploads\/2025\/05\/nema-logo-black-480.png\",\"width\":490,\"height\":183,\"caption\":\"Encodica\"},\"image\":{\"@id\":\"https:\/\/nema-art.app\/tr\/#\/schema\/logo\/image\/\"}}]}<\/script>\n<!-- \/ Yoast SEO plugin. -->","yoast_head_json":{"title":"Kullan\u0131m Ko\u015fullar\u0131 - Nema - Art","robots":{"index":"index","follow":"follow","max-snippet":"max-snippet:-1","max-image-preview":"max-image-preview:large","max-video-preview":"max-video-preview:-1"},"canonical":"https:\/\/nema-art.app\/tr\/terms_of_use\/","og_locale":"tr_TR","og_type":"article","og_title":"Kullan\u0131m Ko\u015fullar\u0131 - Nema - Art","og_description":"Solutions Encodica Software Development O.E. (\u015eirket) taraf\u0131ndan sa\u011flanan bir uygulama olan &#8220;Nema&#8221;ya ho\u015f geldiniz! Bu Kullan\u0131m \u015eartlar\u0131, uygulamaya eri\u015fiminiz ve kullan\u0131m\u0131n\u0131zla ilgili h\u00fck\u00fcm ve ko\u015fullar\u0131 a\u00e7\u0131klar ve \u015eirket ile yasal olarak ba\u011flay\u0131c\u0131 S\u00f6zle\u015fmenizi olu\u015fturur. Uygulamay\u0131 Android cihaz\u0131n\u0131za veya\/veya iOS cihaz\u0131n\u0131za y\u00fckleyebilirsiniz. Nema uygulama i\u00e7eri\u011fi yapay zeka dil modeli taraf\u0131ndan \u00fcretilir. Do\u011fruluk ve kalite i\u00e7in \u00e7abalarken, [&hellip;]","og_url":"https:\/\/nema-art.app\/tr\/terms_of_use\/","og_site_name":"Nema - Art","article_modified_time":"2025-06-05T19:17:10+00:00","twitter_card":"summary_large_image","twitter_misc":{"Tahmini okuma s\u00fcresi":"6 dakika"},"schema":{"@context":"https:\/\/schema.org","@graph":[{"@type":"WebPage","@id":"https:\/\/nema-art.app\/tr\/terms_of_use\/","url":"https:\/\/nema-art.app\/tr\/terms_of_use\/","name":"Kullan\u0131m Ko\u015fullar\u0131 - Nema - Art","isPartOf":{"@id":"https:\/\/nema-art.app\/tr\/#website"},"datePublished":"2024-10-16T12:43:32+00:00","dateModified":"2025-06-05T19:17:10+00:00","breadcrumb":{"@id":"https:\/\/nema-art.app\/tr\/terms_of_use\/#breadcrumb"},"inLanguage":"tr","potentialAction":[{"@type":"ReadAction","target":["https:\/\/nema-art.app\/tr\/terms_of_use\/"]}]},{"@type":"BreadcrumbList","@id":"https:\/\/nema-art.app\/tr\/terms_of_use\/#breadcrumb","itemListElement":[{"@type":"ListItem","position":1,"name":"Home","item":"https:\/\/nema-art.app\/tr\/home\/"},{"@type":"ListItem","position":2,"name":"Kullan\u0131m Ko\u015fullar\u0131"}]},{"@type":"WebSite","@id":"https:\/\/nema-art.app\/tr\/#website","url":"https:\/\/nema-art.app\/tr\/","name":"Nema - Art","description":"a dialogue with an artwork","publisher":{"@id":"https:\/\/nema-art.app\/tr\/#organization"},"potentialAction":[{"@type":"SearchAction","target":{"@type":"EntryPoint","urlTemplate":"https:\/\/nema-art.app\/tr\/?s={search_term_string}"},"query-input":{"@type":"PropertyValueSpecification","valueRequired":true,"valueName":"search_term_string"}}],"inLanguage":"tr"},{"@type":"Organization","@id":"https:\/\/nema-art.app\/tr\/#organization","name":"Encodica","url":"https:\/\/nema-art.app\/tr\/","logo":{"@type":"ImageObject","inLanguage":"tr","@id":"https:\/\/nema-art.app\/tr\/#\/schema\/logo\/image\/","url":"https:\/\/nema-art.app\/wp-content\/uploads\/2025\/05\/nema-logo-black-480.png","contentUrl":"https:\/\/nema-art.app\/wp-content\/uploads\/2025\/05\/nema-logo-black-480.png","width":490,"height":183,"caption":"Encodica"},"image":{"@id":"https:\/\/nema-art.app\/tr\/#\/schema\/logo\/image\/"}}]}},"_links":{"self":[{"href":"https:\/\/nema-art.app\/tr\/wp-json\/wp\/v2\/pages\/101","targetHints":{"allow":["GET"]}}],"collection":[{"href":"https:\/\/nema-art.app\/tr\/wp-json\/wp\/v2\/pages"}],"about":[{"href":"https:\/\/nema-art.app\/tr\/wp-json\/wp\/v2\/types\/page"}],"author":[{"embeddable":true,"href":"https:\/\/nema-art.app\/tr\/wp-json\/wp\/v2\/users\/1"}],"replies":[{"embeddable":true,"href":"https:\/\/nema-art.app\/tr\/wp-json\/wp\/v2\/comments?post=101"}],"version-history":[{"count":7,"href":"https:\/\/nema-art.app\/tr\/wp-json\/wp\/v2\/pages\/101\/revisions"}],"predecessor-version":[{"id":2564,"href":"https:\/\/nema-art.app\/tr\/wp-json\/wp\/v2\/pages\/101\/revisions\/2564"}],"wp:attachment":[{"href":"https:\/\/nema-art.app\/tr\/wp-json\/wp\/v2\/media?parent=101"}],"curies":[{"name":"wp","href":"https:\/\/api.w.org\/{rel}","templated":true}]}}